{"id":14694,"date":"2020-06-29T10:55:47","date_gmt":"2020-06-29T09:55:47","guid":{"rendered":"https:\/\/isced-huila.edu.ao\/a-propos\/"},"modified":"2026-04-24T12:21:19","modified_gmt":"2026-04-24T11:21:19","slug":"a-propos","status":"publish","type":"page","link":"https:\/\/isced-huila.edu.ao\/fr\/a-propos\/","title":{"rendered":"\u00c0 propos"},"content":{"rendered":"\t\t<div data-elementor-type=\"wp-page\" data-elementor-id=\"14694\" class=\"elementor elementor-14694 elementor-8\">\n\t\t\t\t\t\t<section class=\"elementor-section elementor-top-section elementor-element elementor-element-e20a03d elementor-section-height-min-height elementor-section-boxed elementor-section-height-default elementor-section-items-middle\" data-id=\"e20a03d\" data-element_type=\"section\" data-e-type=\"section\" data-settings=\"{&quot;background_background&quot;:&quot;classic&quot;}\">\n\t\t\t\t\t\t\t<div class=\"elementor-background-overlay\"><\/div>\n\t\t\t\t\t\t\t<div class=\"elementor-container elementor-column-gap-default\">\n\t\t\t\t\t<div class=\"elementor-column elementor-col-100 elementor-top-column elementor-element elementor-element-14b75e7\" data-id=\"14b75e7\" data-element_type=\"column\" data-e-type=\"column\">\n\t\t\t<div class=\"elementor-widget-wrap\">\n\t\t\t\t\t\t\t<\/div>\n\t\t<\/div>\n\t\t\t\t\t<\/div>\n\t\t<\/section>\n\t\t\t\t<section class=\"elementor-section elementor-top-section elementor-element elementor-element-94689d8 elementor-section-boxed elementor-section-height-default elementor-section-height-default\" data-id=\"94689d8\" data-element_type=\"section\" data-e-type=\"section\" data-settings=\"{&quot;background_background&quot;:&quot;classic&quot;}\">\n\t\t\t\t\t\t\t<div class=\"elementor-background-overlay\"><\/div>\n\t\t\t\t\t\t\t<div class=\"elementor-container elementor-column-gap-default\">\n\t\t\t\t\t<div class=\"elementor-column elementor-col-100 elementor-top-column elementor-element elementor-element-64a8afc\" data-id=\"64a8afc\" data-element_type=\"column\" data-e-type=\"column\">\n\t\t\t<div class=\"elementor-widget-wrap elementor-element-populated\">\n\t\t\t\t\t\t<div class=\"elementor-element elementor-element-97d0b36 elementor-widget elementor-widget-heading\" data-id=\"97d0b36\" data-element_type=\"widget\" data-e-type=\"widget\" data-widget_type=\"heading.default\">\n\t\t\t\t<div class=\"elementor-widget-container\">\n\t\t\t\t\t<h1 class=\"elementor-heading-title elementor-size-default\">\u00c0 propos de l'ISCED<\/h1>\t\t\t\t<\/div>\n\t\t\t\t<\/div>\n\t\t\t\t<section class=\"elementor-section elementor-inner-section elementor-element elementor-element-e88bf8c elementor-section-full_width elementor-section-height-default elementor-section-height-default\" data-id=\"e88bf8c\" data-element_type=\"section\" data-e-type=\"section\">\n\t\t\t\t\t\t<div class=\"elementor-container elementor-column-gap-default\">\n\t\t\t\t\t<div class=\"elementor-column elementor-col-50 elementor-inner-column elementor-element elementor-element-cb441d6\" data-id=\"cb441d6\" data-element_type=\"column\" data-e-type=\"column\">\n\t\t\t<div class=\"elementor-widget-wrap elementor-element-populated\">\n\t\t\t\t\t\t<div class=\"elementor-element elementor-element-4546742 elementor-widget elementor-widget-icon-box\" data-id=\"4546742\" data-element_type=\"widget\" data-e-type=\"widget\" data-widget_type=\"icon-box.default\">\n\t\t\t\t<div class=\"elementor-widget-container\">\n\t\t\t\t\t\t\t<div class=\"elementor-icon-box-wrapper\">\n\n\t\t\t\n\t\t\t\t\t\t<div class=\"elementor-icon-box-content\">\n\n\t\t\t\t\n\t\t\t\t\t\t\t\t\t<p class=\"elementor-icon-box-description\">\n\t\t\t\t\t\tSoyez tous les bienvenus sur le site web de l'Institut sup\u00e9rieur des sciences de l'\u00e9ducation de Hu\u00edla, un espace o\u00f9 nous souhaitons que toutes les personnes int\u00e9ress\u00e9es puissent satisfaire leur curiosit\u00e9 concernant cette grande et noble institution d'enseignement sup\u00e9rieur d\u00e9di\u00e9e \u00e0 la formation d'enseignants pour diff\u00e9rents niveaux ainsi qu'\u00e0 la recherche scientifique et \u00e0 l'extension universitaire. Ce site devient la porte d'entr\u00e9e et le lien pour tous ceux qui se sentent ISCED-Hu\u00edla, qui souhaitent tout savoir sur l'Institut, comment il est organis\u00e9, comment il fonctionne, o\u00f9 il fonctionne. \nCet institut garantit une formation de qualit\u00e9 en accordant une attention particuli\u00e8re \u00e0 son positionnement \u00e0 la fronti\u00e8re du savoir et des nouvelles technologies de l'information et de la communication, ainsi qu'\u00e0 l'\u00e9change de connaissances et d'exp\u00e9riences avec d'autres institutions tant au niveau national qu'international. \t\t\t\t\t<\/p>\n\t\t\t\t\n\t\t\t<\/div>\n\t\t\t\n\t\t<\/div>\n\t\t\t\t\t\t<\/div>\n\t\t\t\t<\/div>\n\t\t\t\t\t<\/div>\n\t\t<\/div>\n\t\t\t\t<div class=\"elementor-column elementor-col-50 elementor-inner-column elementor-element elementor-element-82fd3ce\" data-id=\"82fd3ce\" data-element_type=\"column\" data-e-type=\"column\">\n\t\t\t<div class=\"elementor-widget-wrap elementor-element-populated\">\n\t\t\t\t\t\t<div class=\"elementor-element elementor-element-43c6a4d elementor-widget elementor-widget-image\" data-id=\"43c6a4d\" data-element_type=\"widget\" data-e-type=\"widget\" data-widget_type=\"image.default\">\n\t\t\t\t<div class=\"elementor-widget-container\">\n\t\t\t\t\t\t\t\t\t\t\t\t\t\t\t<img fetchpriority=\"high\" decoding=\"async\" width=\"640\" height=\"424\" src=\"https:\/\/isced-huila.edu.ao\/wp-content\/uploads\/2020\/07\/DSC_8217.png\" class=\"attachment-large size-large wp-image-14587\" alt=\"\" srcset=\"https:\/\/isced-huila.edu.ao\/wp-content\/uploads\/2020\/07\/DSC_8217.png 640w, https:\/\/isced-huila.edu.ao\/wp-content\/uploads\/2020\/07\/DSC_8217-300x199.png 300w\" sizes=\"(max-width: 640px) 100vw, 640px\" \/>\t\t\t\t\t\t\t\t\t\t\t\t\t\t\t<\/div>\n\t\t\t\t<\/div>\n\t\t\t\t\t<\/div>\n\t\t<\/div>\n\t\t\t\t\t<\/div>\n\t\t<\/section>\n\t\t\t\t\t<\/div>\n\t\t<\/div>\n\t\t\t\t\t<\/div>\n\t\t<\/section>\n\t\t\t\t<section class=\"elementor-section elementor-top-section elementor-element elementor-element-009f48e elementor-section-boxed elementor-section-height-default elementor-section-height-default\" data-id=\"009f48e\" data-element_type=\"section\" data-e-type=\"section\">\n\t\t\t\t\t\t<div class=\"elementor-container elementor-column-gap-default\">\n\t\t\t\t\t<div class=\"elementor-column elementor-col-100 elementor-top-column elementor-element elementor-element-21449d1\" data-id=\"21449d1\" data-element_type=\"column\" data-e-type=\"column\">\n\t\t\t<div class=\"elementor-widget-wrap elementor-element-populated\">\n\t\t\t\t\t\t<section class=\"elementor-section elementor-inner-section elementor-element elementor-element-8a97e77 elementor-section-boxed elementor-section-height-default elementor-section-height-default\" data-id=\"8a97e77\" data-element_type=\"section\" data-e-type=\"section\">\n\t\t\t\t\t\t<div class=\"elementor-container elementor-column-gap-default\">\n\t\t\t\t\t<div class=\"elementor-column elementor-col-100 elementor-inner-column elementor-element elementor-element-7be10a7\" data-id=\"7be10a7\" data-element_type=\"column\" data-e-type=\"column\">\n\t\t\t<div class=\"elementor-widget-wrap elementor-element-populated\">\n\t\t\t\t\t\t<div class=\"elementor-element elementor-element-21ef27b elementor-widget elementor-widget-icon-box\" data-id=\"21ef27b\" data-element_type=\"widget\" data-e-type=\"widget\" data-widget_type=\"icon-box.default\">\n\t\t\t\t<div class=\"elementor-widget-container\">\n\t\t\t\t\t\t\t<div class=\"elementor-icon-box-wrapper\">\n\n\t\t\t\n\t\t\t\t\t\t<div class=\"elementor-icon-box-content\">\n\n\t\t\t\t\n\t\t\t\t\t\t\t\t\t<p class=\"elementor-icon-box-description\">\n\t\t\t\t\t\tNous cherchons toujours \u00e0 \u00e9tablir de bons partenariats pour mieux servir la soci\u00e9t\u00e9 et aider notre grand et beau pays \u00e0 cro\u00eetre et \u00e0 se d\u00e9velopper continuellement. Conscients de la grande responsabilit\u00e9 que repr\u00e9sente la formation d'enseignants, nous recherchons toujours le meilleur \u00e0 offrir \u00e0 nos \u00e9tudiants afin qu'ils deviennent des citoyens patriotes, responsables et engag\u00e9s dans une \u00e9ducation de qualit\u00e9 pour les nouvelles g\u00e9n\u00e9rations.\t\t\t\t\t<\/p>\n\t\t\t\t\n\t\t\t<\/div>\n\t\t\t\n\t\t<\/div>\n\t\t\t\t\t\t<\/div>\n\t\t\t\t<\/div>\n\t\t\t\t\t<\/div>\n\t\t<\/div>\n\t\t\t\t\t<\/div>\n\t\t<\/section>\n\t\t\t\t\t<\/div>\n\t\t<\/div>\n\t\t\t\t\t<\/div>\n\t\t<\/section>\n\t\t\t\t<section class=\"elementor-section elementor-top-section elementor-element elementor-element-c5625c1 elementor-section-boxed elementor-section-height-default elementor-section-height-default\" data-id=\"c5625c1\" data-element_type=\"section\" data-e-type=\"section\">\n\t\t\t\t\t\t<div class=\"elementor-container elementor-column-gap-default\">\n\t\t\t\t\t<div class=\"elementor-column elementor-col-100 elementor-top-column elementor-element elementor-element-1d6a0bb\" data-id=\"1d6a0bb\" data-element_type=\"column\" data-e-type=\"column\">\n\t\t\t<div class=\"elementor-widget-wrap elementor-element-populated\">\n\t\t\t\t\t\t<div class=\"elementor-element elementor-element-729e547 elementor-widget elementor-widget-image\" data-id=\"729e547\" data-element_type=\"widget\" data-e-type=\"widget\" data-widget_type=\"image.default\">\n\t\t\t\t<div class=\"elementor-widget-container\">\n\t\t\t\t\t\t\t\t\t\t\t\t\t\t\t<img decoding=\"async\" width=\"750\" height=\"327\" src=\"https:\/\/isced-huila.edu.ao\/wp-content\/uploads\/2024\/10\/2-1-1024x447.png\" class=\"attachment-large size-large wp-image-14703\" alt=\"\" srcset=\"https:\/\/isced-huila.edu.ao\/wp-content\/uploads\/2024\/10\/2-1-1024x447.png 1024w, https:\/\/isced-huila.edu.ao\/wp-content\/uploads\/2024\/10\/2-1-300x131.png 300w, https:\/\/isced-huila.edu.ao\/wp-content\/uploads\/2024\/10\/2-1-768x335.png 768w, https:\/\/isced-huila.edu.ao\/wp-content\/uploads\/2024\/10\/2-1.png 1394w\" sizes=\"(max-width: 750px) 100vw, 750px\" \/>\t\t\t\t\t\t\t\t\t\t\t\t\t\t\t<\/div>\n\t\t\t\t<\/div>\n\t\t\t\t\t<\/div>\n\t\t<\/div>\n\t\t\t\t\t<\/div>\n\t\t<\/section>\n\t\t\t\t<section class=\"elementor-section elementor-top-section elementor-element elementor-element-1f04743 elementor-section-boxed elementor-section-height-default elementor-section-height-default\" data-id=\"1f04743\" data-element_type=\"section\" data-e-type=\"section\" data-settings=\"{&quot;background_background&quot;:&quot;classic&quot;}\">\n\t\t\t\t\t\t<div class=\"elementor-container elementor-column-gap-default\">\n\t\t\t\t\t<div class=\"elementor-column elementor-col-100 elementor-top-column elementor-element elementor-element-c74981e\" data-id=\"c74981e\" data-element_type=\"column\" data-e-type=\"column\">\n\t\t\t<div class=\"elementor-widget-wrap elementor-element-populated\">\n\t\t\t\t\t\t<div class=\"elementor-element elementor-element-d356b73 elementor-widget elementor-widget-heading\" data-id=\"d356b73\" data-element_type=\"widget\" data-e-type=\"widget\" data-widget_type=\"heading.default\">\n\t\t\t\t<div class=\"elementor-widget-container\">\n\t\t\t\t\t<h2 class=\"elementor-heading-title elementor-size-default\">Pr\u00e9sidence de l'ISCED-Hu\u00edla<\/h2>\t\t\t\t<\/div>\n\t\t\t\t<\/div>\n\t\t\t\t<section class=\"elementor-section elementor-inner-section elementor-element elementor-element-89b903f elementor-section-boxed elementor-section-height-default elementor-section-height-default\" data-id=\"89b903f\" data-element_type=\"section\" data-e-type=\"section\">\n\t\t\t\t\t\t<div class=\"elementor-container elementor-column-gap-default\">\n\t\t\t\t\t<div class=\"elementor-column elementor-col-33 elementor-inner-column elementor-element elementor-element-d812392\" data-id=\"d812392\" data-element_type=\"column\" data-e-type=\"column\" data-settings=\"{&quot;background_background&quot;:&quot;classic&quot;}\">\n\t\t\t<div class=\"elementor-widget-wrap elementor-element-populated\">\n\t\t\t\t\t\t<div class=\"elementor-element elementor-element-859e451 elementor-widget elementor-widget-meafe-team\" data-id=\"859e451\" data-element_type=\"widget\" data-e-type=\"widget\" data-widget_type=\"meafe-team.default\">\n\t\t\t\t<div class=\"elementor-widget-container\">\n\t\t\t\t\t        <div class=\"meafe-team-wrapper-main layout-2\">\n            <div class=\"meafe-team-inner-wrap\">\n                <div class=\"meafe-team-wrap\">\n\n                    \n                                            <div class=\"meafe-team-fig\">\n                            <figure class=\"meafe-member-figure\">\n                                <img decoding=\"async\" width=\"1367\" height=\"931\" src=\"https:\/\/isced-huila.edu.ao\/wp-content\/uploads\/2022\/09\/SS-Photos-23-e1662483195670.jpg\" class=\"attachment-full size-full wp-image-7117\" alt=\"\" srcset=\"https:\/\/isced-huila.edu.ao\/wp-content\/uploads\/2022\/09\/SS-Photos-23-e1662483195670.jpg 1367w, https:\/\/isced-huila.edu.ao\/wp-content\/uploads\/2022\/09\/SS-Photos-23-e1662483195670-300x204.jpg 300w, https:\/\/isced-huila.edu.ao\/wp-content\/uploads\/2022\/09\/SS-Photos-23-e1662483195670-1024x697.jpg 1024w, https:\/\/isced-huila.edu.ao\/wp-content\/uploads\/2022\/09\/SS-Photos-23-e1662483195670-768x523.jpg 768w, https:\/\/isced-huila.edu.ao\/wp-content\/uploads\/2022\/09\/SS-Photos-23-e1662483195670-200x136.jpg 200w\" sizes=\"(max-width: 1367px) 100vw, 1367px\" \/>                            <\/figure>\n                        <\/div>\n                    \n                    <div class=\"meafe-member-body\">\n                        <h3 class=\"meafe-member-name\">Maria C. K. Sakukuma, PhD.<\/h3>\n                                                    <div class=\"meafe-member-position\">Vice-Pr\u00e9sidente pour les Affaires acad\u00e9miques de l&#039;ISCED-Hu\u00edla<\/div>\n                                                \n                                                    <div class=\"meafe-member-bio\">\n                                <p>2022-2027<\/p>\n                            <\/div>\n                        \n                         \n\n                                               \n                    <\/div>\n\n                    \n                    \n                                    <\/div>\n            <\/div>\n        <\/div>\n        \t\t\t\t<\/div>\n\t\t\t\t<\/div>\n\t\t\t\t\t<\/div>\n\t\t<\/div>\n\t\t\t\t<div class=\"elementor-column elementor-col-33 elementor-inner-column elementor-element elementor-element-2b37ef6\" data-id=\"2b37ef6\" data-element_type=\"column\" data-e-type=\"column\">\n\t\t\t<div class=\"elementor-widget-wrap elementor-element-populated\">\n\t\t\t\t\t\t<div class=\"elementor-element elementor-element-cc82629 elementor-widget elementor-widget-meafe-team\" data-id=\"cc82629\" data-element_type=\"widget\" data-e-type=\"widget\" data-widget_type=\"meafe-team.default\">\n\t\t\t\t<div class=\"elementor-widget-container\">\n\t\t\t\t\t        <div class=\"meafe-team-wrapper-main layout-2\">\n            <div class=\"meafe-team-inner-wrap\">\n                <div class=\"meafe-team-wrap\">\n\n                    \n                                            <div class=\"meafe-team-fig\">\n                            <figure class=\"meafe-member-figure\">\n                                <img loading=\"lazy\" decoding=\"async\" width=\"2048\" height=\"1365\" src=\"https:\/\/isced-huila.edu.ao\/wp-content\/uploads\/2022\/08\/SS-Photos-3.jpg\" class=\"attachment-full size-full wp-image-5893\" alt=\"\" srcset=\"https:\/\/isced-huila.edu.ao\/wp-content\/uploads\/2022\/08\/SS-Photos-3.jpg 2048w, https:\/\/isced-huila.edu.ao\/wp-content\/uploads\/2022\/08\/SS-Photos-3-300x200.jpg 300w, https:\/\/isced-huila.edu.ao\/wp-content\/uploads\/2022\/08\/SS-Photos-3-1024x683.jpg 1024w, https:\/\/isced-huila.edu.ao\/wp-content\/uploads\/2022\/08\/SS-Photos-3-768x512.jpg 768w, https:\/\/isced-huila.edu.ao\/wp-content\/uploads\/2022\/08\/SS-Photos-3-370x247.jpg 370w, https:\/\/isced-huila.edu.ao\/wp-content\/uploads\/2022\/08\/SS-Photos-3-270x180.jpg 270w, https:\/\/isced-huila.edu.ao\/wp-content\/uploads\/2022\/08\/SS-Photos-3-1536x1024.jpg 1536w, https:\/\/isced-huila.edu.ao\/wp-content\/uploads\/2022\/08\/SS-Photos-3-200x133.jpg 200w, https:\/\/isced-huila.edu.ao\/wp-content\/uploads\/2022\/08\/SS-Photos-3-360x240.jpg 360w\" sizes=\"(max-width: 2048px) 100vw, 2048px\" \/>                            <\/figure>\n                        <\/div>\n                    \n                    <div class=\"meafe-member-body\">\n                        <h3 class=\"meafe-member-name\">H\u00e9lder Pedro Alicerces Bahu, PhD.<\/h3>\n                                                    <div class=\"meafe-member-position\">Pr\u00e9sident de l&#039;ISCED-Hu\u00edla<\/div>\n                                                \n                                                    <div class=\"meafe-member-bio\">\n                                <p>2022-2027<\/p>\n                            <\/div>\n                        \n                         \n\n                                               \n                    <\/div>\n\n                    \n                    \n                                    <\/div>\n            <\/div>\n        <\/div>\n        \t\t\t\t<\/div>\n\t\t\t\t<\/div>\n\t\t\t\t\t<\/div>\n\t\t<\/div>\n\t\t\t\t<div class=\"elementor-column elementor-col-33 elementor-inner-column elementor-element elementor-element-089c5be\" data-id=\"089c5be\" data-element_type=\"column\" data-e-type=\"column\">\n\t\t\t<div class=\"elementor-widget-wrap elementor-element-populated\">\n\t\t\t\t\t\t<div class=\"elementor-element elementor-element-0ba5c7f elementor-widget elementor-widget-meafe-team\" data-id=\"0ba5c7f\" data-element_type=\"widget\" data-e-type=\"widget\" data-widget_type=\"meafe-team.default\">\n\t\t\t\t<div class=\"elementor-widget-container\">\n\t\t\t\t\t        <div class=\"meafe-team-wrapper-main layout-2\">\n            <div class=\"meafe-team-inner-wrap\">\n                <div class=\"meafe-team-wrap\">\n\n                    \n                                            <div class=\"meafe-team-fig\">\n                            <figure class=\"meafe-member-figure\">\n                                <img loading=\"lazy\" decoding=\"async\" width=\"1054\" height=\"1203\" src=\"https:\/\/isced-huila.edu.ao\/wp-content\/uploads\/2022\/09\/SS-Photos-7-e1662483288658.jpg\" class=\"attachment-full size-full wp-image-7118\" alt=\"\" srcset=\"https:\/\/isced-huila.edu.ao\/wp-content\/uploads\/2022\/09\/SS-Photos-7-e1662483288658.jpg 1054w, https:\/\/isced-huila.edu.ao\/wp-content\/uploads\/2022\/09\/SS-Photos-7-e1662483288658-263x300.jpg 263w, https:\/\/isced-huila.edu.ao\/wp-content\/uploads\/2022\/09\/SS-Photos-7-e1662483288658-897x1024.jpg 897w, https:\/\/isced-huila.edu.ao\/wp-content\/uploads\/2022\/09\/SS-Photos-7-e1662483288658-768x877.jpg 768w, https:\/\/isced-huila.edu.ao\/wp-content\/uploads\/2022\/09\/SS-Photos-7-e1662483288658-200x228.jpg 200w\" sizes=\"(max-width: 1054px) 100vw, 1054px\" \/>                            <\/figure>\n                        <\/div>\n                    \n                    <div class=\"meafe-member-body\">\n                        <h3 class=\"meafe-member-name\">Bernardo Filipe Matias, PhD.<\/h3>\n                                                    <div class=\"meafe-member-position\">Vice-Pr\u00e9sident pour les Affaires scientifiques et les \u00c9tudes sup\u00e9rieures de l&#039;ISCED-Hu\u00edla<\/div>\n                                                \n                                                    <div class=\"meafe-member-bio\">\n                                <p>2022-2027<\/p>\n                            <\/div>\n                        \n                         \n\n                                               \n                    <\/div>\n\n                    \n                    \n                                    <\/div>\n            <\/div>\n        <\/div>\n        \t\t\t\t<\/div>\n\t\t\t\t<\/div>\n\t\t\t\t\t<\/div>\n\t\t<\/div>\n\t\t\t\t\t<\/div>\n\t\t<\/section>\n\t\t\t\t\t<\/div>\n\t\t<\/div>\n\t\t\t\t\t<\/div>\n\t\t<\/section>\n\t\t\t\t<\/div>\n\t\t","protected":false},"excerpt":{"rendered":"<p>\u00c0 propos de l&rsquo;ISCED Soyez tous les bienvenus sur le site web de l&rsquo;Institut sup\u00e9rieur des sciences de l&rsquo;\u00e9ducation de Hu\u00edla, un espace o\u00f9 nous souhaitons que toutes les personnes [&hellip;]<\/p>\n","protected":false},"author":1,"featured_media":0,"parent":0,"menu_order":0,"comment_status":"closed","ping_status":"closed","template":"elementor_header_footer","meta":{"om_disable_all_campaigns":false,"_monsterinsights_skip_tracking":false,"_monsterinsights_sitenote_active":false,"_monsterinsights_sitenote_note":"","_monsterinsights_sitenote_category":0,"_price":"","_stock":"","_tribe_ticket_header":"","_tribe_default_ticket_provider":"","_tribe_ticket_capacity":"","_ticket_start_date":"","_ticket_end_date":"","_tribe_ticket_show_description":"","_tribe_ticket_show_not_going":false,"_tribe_ticket_use_global_stock":"","_tribe_ticket_global_stock_level":"","_global_stock_mode":"","_global_stock_cap":"","_tribe_rsvp_for_event":"","_tribe_ticket_going_count":"","_tribe_ticket_not_going_count":"","_tribe_tickets_list":"[]","_tribe_ticket_has_attendee_info_fields":false,"footnotes":""},"class_list":["post-14694","page","type-page","status-publish","hentry","rishi-post","no-post-thumbnail"],"rishi__cb_customizer_meta":"","aioseo_notices":[],"publishpress_future_action":{"enabled":false,"date":"2026-05-02 16:32:32","action":"change-status","newStatus":"draft","terms":[],"taxonomy":"translation_priority","extraData":[]},"publishpress_future_workflow_manual_trigger":{"enabledWorkflows":[]},"_links":{"self":[{"href":"https:\/\/isced-huila.edu.ao\/fr\/wp-json\/wp\/v2\/pages\/14694","targetHints":{"allow":["GET"]}}],"collection":[{"href":"https:\/\/isced-huila.edu.ao\/fr\/wp-json\/wp\/v2\/pages"}],"about":[{"href":"https:\/\/isced-huila.edu.ao\/fr\/wp-json\/wp\/v2\/types\/page"}],"author":[{"embeddable":true,"href":"https:\/\/isced-huila.edu.ao\/fr\/wp-json\/wp\/v2\/users\/1"}],"replies":[{"embeddable":true,"href":"https:\/\/isced-huila.edu.ao\/fr\/wp-json\/wp\/v2\/comments?post=14694"}],"version-history":[{"count":1,"href":"https:\/\/isced-huila.edu.ao\/fr\/wp-json\/wp\/v2\/pages\/14694\/revisions"}],"predecessor-version":[{"id":14705,"href":"https:\/\/isced-huila.edu.ao\/fr\/wp-json\/wp\/v2\/pages\/14694\/revisions\/14705"}],"wp:attachment":[{"href":"https:\/\/isced-huila.edu.ao\/fr\/wp-json\/wp\/v2\/media?parent=14694"}],"curies":[{"name":"wp","href":"https:\/\/api.w.org\/{rel}","templated":true}]}}